{"id":108,"date":"2024-04-08T16:17:47","date_gmt":"2024-04-08T14:17:47","guid":{"rendered":"https:\/\/studiosness.com\/?page_id=108"},"modified":"2025-12-20T12:35:58","modified_gmt":"2025-12-20T11:35:58","slug":"consulting","status":"publish","type":"page","link":"https:\/\/studiosness.com\/en\/consulting\/","title":{"rendered":"Consulting"},"content":{"rendered":"<div data-elementor-type=\"wp-page\" data-elementor-id=\"108\" class=\"elementor elementor-108\" data-elementor-post-type=\"page\">\n\t\t\t\t<div class=\"elementor-element elementor-element-f680110 e-flex e-con-boxed e-con e-parent\" data-id=\"f680110\" data-element_type=\"container\" data-e-type=\"container\" data-settings=\"{&quot;background_background&quot;:&quot;slideshow&quot;,&quot;background_slideshow_gallery&quot;:[{&quot;id&quot;:1821,&quot;url&quot;:&quot;https:\\\/\\\/studiosness.com\\\/wp-content\\\/uploads\\\/2025\\\/12\\\/DSC03256-scaled.jpg&quot;},{&quot;id&quot;:1822,&quot;url&quot;:&quot;https:\\\/\\\/studiosness.com\\\/wp-content\\\/uploads\\\/2025\\\/12\\\/DSC08459_VSCO-scaled.jpg&quot;},{&quot;id&quot;:1823,&quot;url&quot;:&quot;https:\\\/\\\/studiosness.com\\\/wp-content\\\/uploads\\\/2025\\\/12\\\/DSC03545-scaled.jpg&quot;}],&quot;background_slideshow_ken_burns&quot;:&quot;yes&quot;,&quot;background_slideshow_loop&quot;:&quot;yes&quot;,&quot;background_slideshow_slide_duration&quot;:5000,&quot;background_slideshow_slide_transition&quot;:&quot;fade&quot;,&quot;background_slideshow_transition_duration&quot;:500,&quot;background_slideshow_ken_burns_zoom_direction&quot;:&quot;in&quot;}\">\n\t\t\t\t\t<div class=\"e-con-inner\">\n\t\t\t\t<div class=\"elementor-element elementor-element-a2049f1 elementor-widget elementor-widget-heading\" data-id=\"a2049f1\" data-element_type=\"widget\" data-e-type=\"widget\" data-widget_type=\"heading.default\">\n\t\t\t\t<div class=\"elementor-widget-container\">\n\t\t\t\t\t<h1 class=\"elementor-heading-title elementor-size-default\">Consulting<\/h1>\t\t\t\t<\/div>\n\t\t\t\t<\/div>\n\t\t\t\t<div class=\"elementor-element elementor-element-3313eec elementor-widget elementor-widget-text-editor\" data-id=\"3313eec\" data-element_type=\"widget\" data-e-type=\"widget\" data-widget_type=\"text-editor.default\">\n\t\t\t\t<div class=\"elementor-widget-container\">\n\t\t\t\t\t\t\t\t\t<p><span style=\"font-weight: 400;\">Our event agency is committed to offering customized support, tailored to each of our clients.<\/span><\/p>\t\t\t\t\t\t\t\t<\/div>\n\t\t\t\t<\/div>\n\t\t\t\t\t<\/div>\n\t\t\t\t<\/div>\n\t\t<div class=\"elementor-element elementor-element-edc55c4 e-flex e-con-boxed e-con e-parent\" data-id=\"edc55c4\" data-element_type=\"container\" data-e-type=\"container\">\n\t\t\t\t\t<div class=\"e-con-inner\">\n\t\t<div class=\"elementor-element elementor-element-4512a84 e-con-full e-flex e-con e-child\" data-id=\"4512a84\" data-element_type=\"container\" data-e-type=\"container\">\n\t\t\t\t<div class=\"elementor-element elementor-element-20c6b96 elementor-widget elementor-widget-heading\" data-id=\"20c6b96\" data-element_type=\"widget\" data-e-type=\"widget\" data-widget_type=\"heading.default\">\n\t\t\t\t<div class=\"elementor-widget-container\">\n\t\t\t\t\t<h2 class=\"elementor-heading-title elementor-size-default\">Personalized support for your event projects<\/h2>\t\t\t\t<\/div>\n\t\t\t\t<\/div>\n\t\t\t\t<div class=\"elementor-element elementor-element-e135544 elementor-widget elementor-widget-text-editor\" data-id=\"e135544\" data-element_type=\"widget\" data-e-type=\"widget\" data-widget_type=\"text-editor.default\">\n\t\t\t\t<div class=\"elementor-widget-container\">\n\t\t\t\t\t\t\t\t\t<p><span style=\"font-weight: 400;\">Identify the services that will make a difference for your establishment.<\/span><\/p>\t\t\t\t\t\t\t\t<\/div>\n\t\t\t\t<\/div>\n\t\t<div class=\"elementor-element elementor-element-e0354ca e-con-full e-flex e-con e-child\" data-id=\"e0354ca\" data-element_type=\"container\" data-e-type=\"container\">\n\t\t<div class=\"elementor-element elementor-element-9fae594 e-con-full e-flex e-con e-child\" data-id=\"9fae594\" data-element_type=\"container\" data-e-type=\"container\">\n\t\t\t\t<div class=\"elementor-element elementor-element-7a2d1d1 elementor-widget__width-initial elementor-widget elementor-widget-image\" data-id=\"7a2d1d1\" data-element_type=\"widget\" data-e-type=\"widget\" data-settings=\"{&quot;sticky&quot;:&quot;top&quot;,&quot;sticky_offset&quot;:130,&quot;sticky_effects_offset&quot;:39,&quot;sticky_parent&quot;:&quot;yes&quot;,&quot;sticky_on&quot;:[&quot;desktop&quot;,&quot;tablet&quot;,&quot;mobile&quot;],&quot;sticky_anchor_link_offset&quot;:0}\" data-widget_type=\"image.default\">\n\t\t\t\t<div class=\"elementor-widget-container\">\n\t\t\t\t\t\t\t\t\t\t\t\t\t\t\t<img decoding=\"async\" width=\"92\" height=\"91\" src=\"https:\/\/studiosness.com\/wp-content\/uploads\/2023\/12\/svg.svg\" class=\"attachment-large size-large wp-image-140\" alt=\"\" \/>\t\t\t\t\t\t\t\t\t\t\t\t\t\t\t<\/div>\n\t\t\t\t<\/div>\n\t\t<div class=\"elementor-element elementor-element-fb71193 e-con-full e-flex e-con e-child\" data-id=\"fb71193\" data-element_type=\"container\" data-e-type=\"container\">\n\t\t\t\t<div class=\"elementor-element elementor-element-8cf641c elementor-widget elementor-widget-text-editor\" data-id=\"8cf641c\" data-element_type=\"widget\" data-e-type=\"widget\" data-widget_type=\"text-editor.default\">\n\t\t\t\t<div class=\"elementor-widget-container\">\n\t\t\t\t\t\t\t\t\t<p><span style=\"font-weight: 400;\">Whether you need a DJ, a singer, a personalized playlist, sound or lighting installation, or communication support, we are here for you.<\/span><\/p>\t\t\t\t\t\t\t\t<\/div>\n\t\t\t\t<\/div>\n\t\t\t\t<div class=\"elementor-element elementor-element-241245f elementor-widget elementor-widget-text-editor\" data-id=\"241245f\" data-element_type=\"widget\" data-e-type=\"widget\" data-widget_type=\"text-editor.default\">\n\t\t\t\t<div class=\"elementor-widget-container\">\n\t\t\t\t\t\t\t\t\t<p><span style=\"font-weight: 400;\">We take the time to meet with you to understand your specific needs, vision, and ambitions. Together, we develop customized strategies to grow your business. With our tailored approach, we aim to maximize the impact of your events while contributing to your company&#039;s growth and visibility.<\/span><\/p>\t\t\t\t\t\t\t\t<\/div>\n\t\t\t\t<\/div>\n\t\t\t\t<\/div>\n\t\t\t\t<\/div>\n\t\t\t\t<div class=\"elementor-element elementor-element-91efaf1 elementor-align-justify elementor-widget elementor-widget-button\" data-id=\"91efaf1\" data-element_type=\"widget\" data-e-type=\"widget\" data-widget_type=\"button.default\">\n\t\t\t\t<div class=\"elementor-widget-container\">\n\t\t\t\t\t\t\t\t\t<div class=\"elementor-button-wrapper\">\n\t\t\t\t\t<a class=\"elementor-button elementor-button-link elementor-size-sm\" href=\"https:\/\/studiosness.com\/index.php\/reserver-une-prestation\/\">\n\t\t\t\t\t\t<span class=\"elementor-button-content-wrapper\">\n\t\t\t\t\t\t<span class=\"elementor-button-icon\">\n\t\t\t\t<svg xmlns=\"http:\/\/www.w3.org\/2000\/svg\" id=\"Layer_1\" viewbox=\"0 0 92.41 91.33\"><defs><style>.cls-1{fill:#da6527;stroke-width:0px;}<\/style><\/defs><path class=\"cls-1\" d=\"M45.74.02c2.78,0,5.55-.05,8.33.01,2.95.07,3.33.71,2.61,3.56-2.09,8.3-4.2,16.61-6.14,24.95-.49,2.09-.38,4.32-.5,6.48-.02.3.22.62.34.93.3-.15.7-.23.89-.47.84-1.03,1.63-2.09,2.42-3.15,5.53-7.37,10.08-15.31,13.84-23.72,1.6-3.57,2.15-3.74,5.11-.99,3.98,3.69,7.84,7.52,11.67,11.37,2.41,2.41,2.24,3.28-.84,4.65-9.08,4.05-17.37,9.41-25.34,15.29-.89.66-1.48,1.72-2.2,2.59,1.16,0,2.35.18,3.47-.05,7.31-1.48,14.62-2.97,21.88-4.63,2.57-.59,5-1.73,7.52-2.52,2.55-.79,3.38-.26,3.44,2.4.13,5.68.15,11.37.16,17.06,0,2.98-.6,3.37-3.46,2.54-4.74-1.38-9.44-3.01-14.25-4.05-5.76-1.24-11.62-1.97-17.44-2.89-.44-.07-.91.13-1.37.2.3.44.51.98.9,1.29,8.32,6.47,17.34,11.78,26.97,16.05.66.29,1.35.55,1.95.93,1.27.82,1.49,1.87.38,2.99-4.49,4.56-8.95,9.16-13.53,13.63-1.52,1.48-2.29,1.14-3.51-1.14-1.99-3.73-3.72-7.62-5.97-11.17-3.43-5.4-7.2-10.57-10.86-15.81-.39-.55-1.05-.91-1.59-1.36-.17.75-.58,1.53-.47,2.23,1.49,9.82,3.58,19.49,7.08,28.82.21.57.51,1.1.67,1.68.72,2.56.24,3.4-2.43,3.47-5.79.15-11.59.18-17.38.13-2.52-.02-3.09-1.21-2.3-3.94,1.58-5.43,3.35-10.82,4.6-16.33,1.07-4.7,1.54-9.53,2.23-14.32.08-.56-.1-1.16-.15-1.75-.55.4-1.22.69-1.63,1.2-6.24,7.75-11.19,16.31-15.44,25.29-.15.33-.26.68-.42,1-1.82,3.88-2.4,3.99-5.55.95-3.65-3.52-7.29-7.05-10.92-10.58-2.84-2.76-2.69-3.86.87-5.46,8.96-4.02,17.18-9.25,25.01-15.14.48-.36.99-.7,1.39-1.14.28-.31.38-.78.56-1.18-.35-.08-.7-.25-1.04-.23-1.93.09-3.92-.06-5.77.4-8.41,2.1-16.8,4.29-25.15,6.63-3.48.97-4.18.74-4.25-2.74C.02,48.66-.02,43.33.01,38.01c.02-3.4.61-3.71,3.91-2.82,6.85,1.85,13.68,3.77,20.59,5.37,3.5.81,7.15,1.01,10.74,1.44.4.05.84-.21,1.27-.32-.22-.4-.35-.93-.69-1.16-4.35-3.02-8.6-6.23-13.15-8.93-4.55-2.7-9.39-4.92-14.12-7.31-3.41-1.72-3.56-2.47-.87-5.17,3.66-3.67,7.29-7.38,11-11,2.71-2.65,3.61-2.47,5.23.94,4.27,8.99,9.64,17.27,15.75,25.09.3.38.57.8.93,1.11.42.36.93.63,1.4.93.12-.55.42-1.13.33-1.64-1-5.46-1.84-10.97-3.18-16.35-1.22-4.9-2.99-9.67-4.54-14.49-.89-2.76-.37-3.61,2.46-3.65,2.89-.05,5.79-.01,8.69-.01V.02Z\"><\/path><\/svg>\t\t\t<\/span>\n\t\t\t\t\t\t\t\t\t<span class=\"elementor-button-text\">Contact us<\/span>\n\t\t\t\t\t<\/span>\n\t\t\t\t\t<\/a>\n\t\t\t\t<\/div>\n\t\t\t\t\t\t\t\t<\/div>\n\t\t\t\t<\/div>\n\t\t\t\t<\/div>\n\t\t\t\t<\/div>\n\t\t<div class=\"elementor-element elementor-element-ad62340 e-con-full e-flex e-con e-child\" data-id=\"ad62340\" data-element_type=\"container\" data-e-type=\"container\" data-settings=\"{&quot;background_background&quot;:&quot;classic&quot;}\">\n\t\t\t\t<div class=\"elementor-element elementor-element-36058f9 elementor-widget elementor-widget-spacer\" data-id=\"36058f9\" data-element_type=\"widget\" data-e-type=\"widget\" data-widget_type=\"spacer.default\">\n\t\t\t\t<div class=\"elementor-widget-container\">\n\t\t\t\t\t\t\t<div class=\"elementor-spacer\">\n\t\t\t<div class=\"elementor-spacer-inner\"><\/div>\n\t\t<\/div>\n\t\t\t\t\t\t<\/div>\n\t\t\t\t<\/div>\n\t\t\t\t<\/div>\n\t\t\t\t\t<\/div>\n\t\t\t\t<\/div>\n\t\t\t\t<\/div>","protected":false},"excerpt":{"rendered":"<p>Consulting Notre agence \u00e9v\u00e9nementielle s\u2019engage \u00e0 offrir un accompagnement sur mesure, adapt\u00e9 \u00e0 chacun de nos clients Un accompagnement personnalis\u00e9 pour vos projets \u00e9v\u00e9nementiels identifier les services qui feront la diff\u00e9rence pour votre \u00e9tablissement. Que vous ayez besoin d\u2019un DJ, d\u2019une chanteuse, d\u2019une playlist personnalis\u00e9e, de l\u2019installation d\u2019une sonorisation ou d\u2019un \u00e9clairage, ou encore d\u2019un [&hellip;]<\/p>","protected":false},"author":2,"featured_media":0,"parent":0,"menu_order":0,"comment_status":"closed","ping_status":"closed","template":"","meta":{"_acf_changed":false,"footnotes":""},"class_list":["post-108","page","type-page","status-publish","hentry"],"acf":[],"_links":{"self":[{"href":"https:\/\/studiosness.com\/en\/wp-json\/wp\/v2\/pages\/108","targetHints":{"allow":["GET"]}}],"collection":[{"href":"https:\/\/studiosness.com\/en\/wp-json\/wp\/v2\/pages"}],"about":[{"href":"https:\/\/studiosness.com\/en\/wp-json\/wp\/v2\/types\/page"}],"author":[{"embeddable":true,"href":"https:\/\/studiosness.com\/en\/wp-json\/wp\/v2\/users\/2"}],"replies":[{"embeddable":true,"href":"https:\/\/studiosness.com\/en\/wp-json\/wp\/v2\/comments?post=108"}],"version-history":[{"count":41,"href":"https:\/\/studiosness.com\/en\/wp-json\/wp\/v2\/pages\/108\/revisions"}],"predecessor-version":[{"id":1826,"href":"https:\/\/studiosness.com\/en\/wp-json\/wp\/v2\/pages\/108\/revisions\/1826"}],"wp:attachment":[{"href":"https:\/\/studiosness.com\/en\/wp-json\/wp\/v2\/media?parent=108"}],"curies":[{"name":"wp","href":"https:\/\/api.w.org\/{rel}","templated":true}]}}