{"id":112,"date":"2024-04-08T16:18:15","date_gmt":"2024-04-08T14:18:15","guid":{"rendered":"https:\/\/studiosness.com\/?page_id=112"},"modified":"2025-12-17T20:23:36","modified_gmt":"2025-12-17T19:23:36","slug":"playlists-spotify","status":"publish","type":"page","link":"https:\/\/studiosness.com\/en\/playlists-spotify\/","title":{"rendered":"Spotify playlists"},"content":{"rendered":"<div data-elementor-type=\"wp-page\" data-elementor-id=\"112\" class=\"elementor elementor-112\" data-elementor-post-type=\"page\">\n\t\t\t\t<div class=\"elementor-element elementor-element-a72d99a e-flex e-con-boxed e-con e-parent\" data-id=\"a72d99a\" data-element_type=\"container\" data-e-type=\"container\" data-settings=\"{&quot;background_background&quot;:&quot;classic&quot;}\">\n\t\t\t\t\t<div class=\"e-con-inner\">\n\t\t\t\t<div class=\"elementor-element elementor-element-d8f1028 elementor-widget elementor-widget-heading\" data-id=\"d8f1028\" data-element_type=\"widget\" data-e-type=\"widget\" data-widget_type=\"heading.default\">\n\t\t\t\t<div class=\"elementor-widget-container\">\n\t\t\t\t\t<h1 class=\"elementor-heading-title elementor-size-default\">Spotify playlists<\/h1>\t\t\t\t<\/div>\n\t\t\t\t<\/div>\n\t\t\t\t<div class=\"elementor-element elementor-element-439da07 elementor-widget elementor-widget-text-editor\" data-id=\"439da07\" data-element_type=\"widget\" data-e-type=\"widget\" data-widget_type=\"text-editor.default\">\n\t\t\t\t<div class=\"elementor-widget-container\">\n\t\t\t\t\t\t\t\t\t<p><span style=\"font-weight: 400;\">We provide you with a personalized tablet with playlists designed specifically for each moment of the day.<\/span><\/p>\t\t\t\t\t\t\t\t<\/div>\n\t\t\t\t<\/div>\n\t\t\t\t\t<\/div>\n\t\t\t\t<\/div>\n\t\t<div class=\"elementor-element elementor-element-141241c e-flex e-con-boxed e-con e-parent\" data-id=\"141241c\" data-element_type=\"container\" data-e-type=\"container\">\n\t\t\t\t\t<div class=\"e-con-inner\">\n\t\t<div class=\"elementor-element elementor-element-311374d e-con-full e-flex e-con e-child\" data-id=\"311374d\" data-element_type=\"container\" data-e-type=\"container\">\n\t\t\t\t<div class=\"elementor-element elementor-element-b5d4456 elementor-widget elementor-widget-heading\" data-id=\"b5d4456\" data-element_type=\"widget\" data-e-type=\"widget\" data-widget_type=\"heading.default\">\n\t\t\t\t<div class=\"elementor-widget-container\">\n\t\t\t\t\t<h2 class=\"elementor-heading-title elementor-size-default\">Set the mood without touching a button<\/h2>\t\t\t\t<\/div>\n\t\t\t\t<\/div>\n\t\t\t\t<div class=\"elementor-element elementor-element-de6a856 elementor-widget elementor-widget-text-editor\" data-id=\"de6a856\" data-element_type=\"widget\" data-e-type=\"widget\" data-widget_type=\"text-editor.default\">\n\t\t\t\t<div class=\"elementor-widget-container\">\n\t\t\t\t\t\t\t\t\t<p><span style=\"font-weight: 400;\">Each moment is accompanied by carefully selected music to create the ideal atmosphere, whether during the day or in the evening.<\/span><\/p>\t\t\t\t\t\t\t\t<\/div>\n\t\t\t\t<\/div>\n\t\t\t\t<div class=\"elementor-element elementor-element-924fe91 elementor-widget__width-initial elementor-widget elementor-widget-image\" data-id=\"924fe91\" data-element_type=\"widget\" data-e-type=\"widget\" data-widget_type=\"image.default\">\n\t\t\t\t<div class=\"elementor-widget-container\">\n\t\t\t\t\t\t\t\t\t\t\t\t\t\t\t<img decoding=\"async\" width=\"167\" height=\"167\" src=\"https:\/\/studiosness.com\/wp-content\/uploads\/2024\/09\/Group-47.png\" class=\"attachment-large size-large wp-image-642\" alt=\"\" srcset=\"https:\/\/studiosness.com\/wp-content\/uploads\/2024\/09\/Group-47.png 167w, https:\/\/studiosness.com\/wp-content\/uploads\/2024\/09\/Group-47-150x150.png 150w\" sizes=\"(max-width: 167px) 100vw, 167px\" \/>\t\t\t\t\t\t\t\t\t\t\t\t\t\t\t<\/div>\n\t\t\t\t<\/div>\n\t\t\t\t<\/div>\n\t\t<div class=\"elementor-element elementor-element-533becb e-con-full e-flex e-con e-child\" data-id=\"533becb\" data-element_type=\"container\" data-e-type=\"container\">\n\t\t<div class=\"elementor-element elementor-element-a1a49e1 e-con-full e-flex e-con e-child\" data-id=\"a1a49e1\" data-element_type=\"container\" data-e-type=\"container\" data-settings=\"{&quot;background_background&quot;:&quot;classic&quot;}\">\n\t\t\t\t<div class=\"elementor-element elementor-element-9b9c0e6 elementor-widget__width-initial elementor-widget elementor-widget-image\" data-id=\"9b9c0e6\" data-element_type=\"widget\" data-e-type=\"widget\" data-widget_type=\"image.default\">\n\t\t\t\t<div class=\"elementor-widget-container\">\n\t\t\t\t\t\t\t\t\t\t\t\t\t\t\t<img decoding=\"async\" width=\"167\" height=\"167\" src=\"https:\/\/studiosness.com\/wp-content\/uploads\/2024\/09\/Group-47.png\" class=\"attachment-large size-large wp-image-642\" alt=\"\" srcset=\"https:\/\/studiosness.com\/wp-content\/uploads\/2024\/09\/Group-47.png 167w, https:\/\/studiosness.com\/wp-content\/uploads\/2024\/09\/Group-47-150x150.png 150w\" sizes=\"(max-width: 167px) 100vw, 167px\" \/>\t\t\t\t\t\t\t\t\t\t\t\t\t\t\t<\/div>\n\t\t\t\t<\/div>\n\t\t<div class=\"elementor-element elementor-element-01d33e7 e-con-full e-flex e-con e-child\" data-id=\"01d33e7\" data-element_type=\"container\" data-e-type=\"container\">\n\t\t\t\t<div class=\"elementor-element elementor-element-b8ffb07 elementor-widget elementor-widget-text-editor\" data-id=\"b8ffb07\" data-element_type=\"widget\" data-e-type=\"widget\" data-widget_type=\"text-editor.default\">\n\t\t\t\t<div class=\"elementor-widget-container\">\n\t\t\t\t\t\t\t\t\t<p><b><i>Lunch Service <\/i><\/b><\/p>\t\t\t\t\t\t\t\t<\/div>\n\t\t\t\t<\/div>\n\t\t\t\t<div class=\"elementor-element elementor-element-4e155da elementor-widget elementor-widget-text-editor\" data-id=\"4e155da\" data-element_type=\"widget\" data-e-type=\"widget\" data-widget_type=\"text-editor.default\">\n\t\t\t\t<div class=\"elementor-widget-container\">\n\t\t\t\t\t\t\t\t\t<p><span style=\"font-weight: 400;\">An energetic yet discreet playlist, perfect for a friendly and relaxed atmosphere during lunch.<\/span><\/p>\t\t\t\t\t\t\t\t<\/div>\n\t\t\t\t<\/div>\n\t\t\t\t<\/div>\n\t\t\t\t<\/div>\n\t\t<div class=\"elementor-element elementor-element-58804bf e-con-full e-flex e-con e-child\" data-id=\"58804bf\" data-element_type=\"container\" data-e-type=\"container\" data-settings=\"{&quot;background_background&quot;:&quot;classic&quot;}\">\n\t\t\t\t<div class=\"elementor-element elementor-element-9700dfa elementor-widget__width-initial elementor-widget elementor-widget-image\" data-id=\"9700dfa\" data-element_type=\"widget\" data-e-type=\"widget\" data-widget_type=\"image.default\">\n\t\t\t\t<div class=\"elementor-widget-container\">\n\t\t\t\t\t\t\t\t\t\t\t\t\t\t\t<img decoding=\"async\" width=\"167\" height=\"167\" src=\"https:\/\/studiosness.com\/wp-content\/uploads\/2024\/09\/Group-47.png\" class=\"attachment-large size-large wp-image-642\" alt=\"\" srcset=\"https:\/\/studiosness.com\/wp-content\/uploads\/2024\/09\/Group-47.png 167w, https:\/\/studiosness.com\/wp-content\/uploads\/2024\/09\/Group-47-150x150.png 150w\" sizes=\"(max-width: 167px) 100vw, 167px\" \/>\t\t\t\t\t\t\t\t\t\t\t\t\t\t\t<\/div>\n\t\t\t\t<\/div>\n\t\t<div class=\"elementor-element elementor-element-a6e42fc e-con-full e-flex e-con e-child\" data-id=\"a6e42fc\" data-element_type=\"container\" data-e-type=\"container\">\n\t\t\t\t<div class=\"elementor-element elementor-element-efcdd8a elementor-widget elementor-widget-text-editor\" data-id=\"efcdd8a\" data-element_type=\"widget\" data-e-type=\"widget\" data-widget_type=\"text-editor.default\">\n\t\t\t\t<div class=\"elementor-widget-container\">\n\t\t\t\t\t\t\t\t\t<p><b><i>Aperitif <\/i><\/b><\/p>\t\t\t\t\t\t\t\t<\/div>\n\t\t\t\t<\/div>\n\t\t\t\t<div class=\"elementor-element elementor-element-340d74f elementor-widget elementor-widget-text-editor\" data-id=\"340d74f\" data-element_type=\"widget\" data-e-type=\"widget\" data-widget_type=\"text-editor.default\">\n\t\t\t\t<div class=\"elementor-widget-container\">\n\t\t\t\t\t\t\t\t\t<p><span style=\"font-weight: 400;\">A rhythmic and festive playlist, ideal for creating a relaxed and lively atmosphere before the meal.<\/span><\/p>\t\t\t\t\t\t\t\t<\/div>\n\t\t\t\t<\/div>\n\t\t\t\t<\/div>\n\t\t\t\t<\/div>\n\t\t\t\t<\/div>\n\t\t<div class=\"elementor-element elementor-element-3670471 e-con-full e-flex e-con e-child\" data-id=\"3670471\" data-element_type=\"container\" data-e-type=\"container\">\n\t\t<div class=\"elementor-element elementor-element-9b9ba45 e-con-full e-flex e-con e-child\" data-id=\"9b9ba45\" data-element_type=\"container\" data-e-type=\"container\" data-settings=\"{&quot;background_background&quot;:&quot;classic&quot;}\">\n\t\t\t\t<div class=\"elementor-element elementor-element-9496e01 elementor-widget__width-initial elementor-widget elementor-widget-image\" data-id=\"9496e01\" data-element_type=\"widget\" data-e-type=\"widget\" data-widget_type=\"image.default\">\n\t\t\t\t<div class=\"elementor-widget-container\">\n\t\t\t\t\t\t\t\t\t\t\t\t\t\t\t<img decoding=\"async\" width=\"167\" height=\"167\" src=\"https:\/\/studiosness.com\/wp-content\/uploads\/2024\/09\/Group-47.png\" class=\"attachment-large size-large wp-image-642\" alt=\"\" srcset=\"https:\/\/studiosness.com\/wp-content\/uploads\/2024\/09\/Group-47.png 167w, https:\/\/studiosness.com\/wp-content\/uploads\/2024\/09\/Group-47-150x150.png 150w\" sizes=\"(max-width: 167px) 100vw, 167px\" \/>\t\t\t\t\t\t\t\t\t\t\t\t\t\t\t<\/div>\n\t\t\t\t<\/div>\n\t\t<div class=\"elementor-element elementor-element-836a97c e-con-full e-flex e-con e-child\" data-id=\"836a97c\" data-element_type=\"container\" data-e-type=\"container\">\n\t\t\t\t<div class=\"elementor-element elementor-element-c69e2f7 elementor-widget elementor-widget-text-editor\" data-id=\"c69e2f7\" data-element_type=\"widget\" data-e-type=\"widget\" data-widget_type=\"text-editor.default\">\n\t\t\t\t<div class=\"elementor-widget-container\">\n\t\t\t\t\t\t\t\t\t<p><b><i>Evening Service<\/i><\/b><\/p>\t\t\t\t\t\t\t\t<\/div>\n\t\t\t\t<\/div>\n\t\t\t\t<div class=\"elementor-element elementor-element-1090c4a elementor-widget elementor-widget-text-editor\" data-id=\"1090c4a\" data-element_type=\"widget\" data-e-type=\"widget\" data-widget_type=\"text-editor.default\">\n\t\t\t\t<div class=\"elementor-widget-container\">\n\t\t\t\t\t\t\t\t\t<p><span style=\"font-weight: 400;\">Sophisticated or more chill pieces to accompany an elegant dinner or a quiet evening.<\/span><\/p>\t\t\t\t\t\t\t\t<\/div>\n\t\t\t\t<\/div>\n\t\t\t\t<\/div>\n\t\t\t\t<\/div>\n\t\t<div class=\"elementor-element elementor-element-d123730 e-con-full e-flex e-con e-child\" data-id=\"d123730\" data-element_type=\"container\" data-e-type=\"container\" data-settings=\"{&quot;background_background&quot;:&quot;classic&quot;}\">\n\t\t\t\t<div class=\"elementor-element elementor-element-3d26784 elementor-widget__width-initial elementor-widget elementor-widget-image\" data-id=\"3d26784\" data-element_type=\"widget\" data-e-type=\"widget\" data-widget_type=\"image.default\">\n\t\t\t\t<div class=\"elementor-widget-container\">\n\t\t\t\t\t\t\t\t\t\t\t\t\t\t\t<img decoding=\"async\" width=\"167\" height=\"167\" src=\"https:\/\/studiosness.com\/wp-content\/uploads\/2024\/09\/Group-47.png\" class=\"attachment-large size-large wp-image-642\" alt=\"\" srcset=\"https:\/\/studiosness.com\/wp-content\/uploads\/2024\/09\/Group-47.png 167w, https:\/\/studiosness.com\/wp-content\/uploads\/2024\/09\/Group-47-150x150.png 150w\" sizes=\"(max-width: 167px) 100vw, 167px\" \/>\t\t\t\t\t\t\t\t\t\t\t\t\t\t\t<\/div>\n\t\t\t\t<\/div>\n\t\t<div class=\"elementor-element elementor-element-cb647cb e-con-full e-flex e-con e-child\" data-id=\"cb647cb\" data-element_type=\"container\" data-e-type=\"container\">\n\t\t\t\t<div class=\"elementor-element elementor-element-d68910b elementor-widget elementor-widget-text-editor\" data-id=\"d68910b\" data-element_type=\"widget\" data-e-type=\"widget\" data-widget_type=\"text-editor.default\">\n\t\t\t\t<div class=\"elementor-widget-container\">\n\t\t\t\t\t\t\t\t\t<p><b><i>Festive<\/i><\/b><\/p>\t\t\t\t\t\t\t\t<\/div>\n\t\t\t\t<\/div>\n\t\t\t\t<div class=\"elementor-element elementor-element-a0c41d7 elementor-widget elementor-widget-text-editor\" data-id=\"a0c41d7\" data-element_type=\"widget\" data-e-type=\"widget\" data-widget_type=\"text-editor.default\">\n\t\t\t\t<div class=\"elementor-widget-container\">\n\t\t\t\t\t\t\t\t\t<p><span style=\"font-weight: 400;\">Dynamic tracks, perfect for boosting energy and creating a danceable atmosphere.<\/span><\/p>\t\t\t\t\t\t\t\t<\/div>\n\t\t\t\t<\/div>\n\t\t\t\t<\/div>\n\t\t\t\t<\/div>\n\t\t\t\t<\/div>\n\t\t\t\t\t<\/div>\n\t\t\t\t<\/div>\n\t\t<div class=\"elementor-element elementor-element-8589db1 e-flex e-con-boxed e-con e-parent\" data-id=\"8589db1\" data-element_type=\"container\" data-e-type=\"container\">\n\t\t\t\t\t<div class=\"e-con-inner\">\n\t\t\t\t<div class=\"elementor-element elementor-element-2f1a52a elementor-widget elementor-widget-text-editor\" data-id=\"2f1a52a\" data-element_type=\"widget\" data-e-type=\"widget\" data-widget_type=\"text-editor.default\">\n\t\t\t\t<div class=\"elementor-widget-container\">\n\t\t\t\t\t\t\t\t\t<p><b><i>Why choose our playlists?<\/i><\/b><\/p>\t\t\t\t\t\t\t\t<\/div>\n\t\t\t\t<\/div>\n\t\t\t\t<div class=\"elementor-element elementor-element-4ed5975 elementor-widget elementor-widget-text-editor\" data-id=\"4ed5975\" data-element_type=\"widget\" data-e-type=\"widget\" data-widget_type=\"text-editor.default\">\n\t\t\t\t<div class=\"elementor-widget-container\">\n\t\t\t\t\t\t\t\t\t<p><b><i>Customized adaptation: <\/i><\/b><span style=\"font-weight: 400;\">The playlists are created according to your schedule, your type of establishment (restaurant, bar, hotel, etc.) and the atmosphere you wish to create.<\/span><\/p><p><b><i>Simplicity and autonomy:<\/i><\/b><span style=\"font-weight: 400;\"> Once the tablet is installed, everything is ready. Each moment of the day is automatically accompanied by the appropriate playlist.<\/span><\/p><p><b><i>A turnkey service:<\/i><\/b><span style=\"font-weight: 400;\"> We handle everything for you. The playlists respect your establishment&#039;s identity while meeting the specific needs of each moment.<\/span><\/p>\t\t\t\t\t\t\t\t<\/div>\n\t\t\t\t<\/div>\n\t\t\t\t<div class=\"elementor-element elementor-element-6fcef29 elementor-align-center elementor-widget elementor-widget-button\" data-id=\"6fcef29\" data-element_type=\"widget\" data-e-type=\"widget\" data-widget_type=\"button.default\">\n\t\t\t\t<div class=\"elementor-widget-container\">\n\t\t\t\t\t\t\t\t\t<div class=\"elementor-button-wrapper\">\n\t\t\t\t\t<a class=\"elementor-button elementor-button-link elementor-size-sm\" href=\"https:\/\/studiosness.com\/index.php\/reserver-une-prestation\/\">\n\t\t\t\t\t\t<span class=\"elementor-button-content-wrapper\">\n\t\t\t\t\t\t<span class=\"elementor-button-icon\">\n\t\t\t\t<i aria-hidden=\"true\" class=\"fab fa-spotify\"><\/i>\t\t\t<\/span>\n\t\t\t\t\t\t\t\t\t<span class=\"elementor-button-text\">Try it now<\/span>\n\t\t\t\t\t<\/span>\n\t\t\t\t\t<\/a>\n\t\t\t\t<\/div>\n\t\t\t\t\t\t\t\t<\/div>\n\t\t\t\t<\/div>\n\t\t\t\t\t<\/div>\n\t\t\t\t<\/div>\n\t\t\t\t<\/div>","protected":false},"excerpt":{"rendered":"<p>Playlists Spotify Nous mettons \u00e0 votre disposition une tablette personnalis\u00e9e avec des playlists con\u00e7ues sp\u00e9cialement pour chaque moment de la journ\u00e9e. Mettez l\u2019ambiance sans toucher un bouton Chaque instant est accompagn\u00e9 d\u2019une musique soigneusement s\u00e9lectionn\u00e9e pour cr\u00e9er l\u2019atmosph\u00e8re id\u00e9ale, que ce soit en journ\u00e9e ou en soir\u00e9e. Service Midi Une playlist \u00e9nergique mais discr\u00e8te, parfaite [&hellip;]<\/p>","protected":false},"author":2,"featured_media":0,"parent":0,"menu_order":0,"comment_status":"closed","ping_status":"closed","template":"elementor_header_footer","meta":{"_acf_changed":false,"footnotes":""},"class_list":["post-112","page","type-page","status-publish","hentry"],"acf":[],"_links":{"self":[{"href":"https:\/\/studiosness.com\/en\/wp-json\/wp\/v2\/pages\/112","targetHints":{"allow":["GET"]}}],"collection":[{"href":"https:\/\/studiosness.com\/en\/wp-json\/wp\/v2\/pages"}],"about":[{"href":"https:\/\/studiosness.com\/en\/wp-json\/wp\/v2\/types\/page"}],"author":[{"embeddable":true,"href":"https:\/\/studiosness.com\/en\/wp-json\/wp\/v2\/users\/2"}],"replies":[{"embeddable":true,"href":"https:\/\/studiosness.com\/en\/wp-json\/wp\/v2\/comments?post=112"}],"version-history":[{"count":34,"href":"https:\/\/studiosness.com\/en\/wp-json\/wp\/v2\/pages\/112\/revisions"}],"predecessor-version":[{"id":1276,"href":"https:\/\/studiosness.com\/en\/wp-json\/wp\/v2\/pages\/112\/revisions\/1276"}],"wp:attachment":[{"href":"https:\/\/studiosness.com\/en\/wp-json\/wp\/v2\/media?parent=112"}],"curies":[{"name":"wp","href":"https:\/\/api.w.org\/{rel}","templated":true}]}}