{"id":1378,"date":"2025-11-28T09:30:30","date_gmt":"2025-11-28T08:30:30","guid":{"rendered":"https:\/\/studiosness.com\/?page_id=1378"},"modified":"2025-12-20T12:46:51","modified_gmt":"2025-12-20T11:46:51","slug":"mentions-legales","status":"publish","type":"page","link":"https:\/\/studiosness.com\/en\/mentions-legales\/","title":{"rendered":"Legal notice"},"content":{"rendered":"<div data-elementor-type=\"wp-page\" data-elementor-id=\"1378\" class=\"elementor elementor-1378\" data-elementor-post-type=\"page\">\n\t\t\t\t<div class=\"elementor-element elementor-element-de4c140 e-flex e-con-boxed e-con e-parent\" data-id=\"de4c140\" data-element_type=\"container\" data-e-type=\"container\">\n\t\t\t\t\t<div class=\"e-con-inner\">\n\t\t\t\t<div class=\"elementor-element elementor-element-6728996 elementor-widget elementor-widget-text-editor\" data-id=\"6728996\" data-element_type=\"widget\" data-e-type=\"widget\" data-widget_type=\"text-editor.default\">\n\t\t\t\t<div class=\"elementor-widget-container\">\n\t\t\t\t\t\t\t\t\t<h2><span id=\"lwptoc20\">1 \u2013 Website editing<\/span><\/h2>\n<p>By virtue of&nbsp;<a href=\"https:\/\/www.legifrance.gouv.fr\/affichTexte.do?cidTexte=JORFTEXT000000801164#LEGIARTI000042038977\" target=\"_blank\" rel=\"noreferrer noopener\">Article 6 of Law No. 2004-575 of 21 June 2004<\/a>&nbsp;To foster trust in the digital economy, users of the website are informed of the following:&nbsp;<strong><span class=\"ff_dynamic_value\" data-ref=\"url\" data-fallback=\"\">https:\/\/studiosness.com\/<\/span><\/strong>&nbsp;the identity of the various stakeholders involved in its implementation and monitoring:<\/p>\n<p><strong>Site owner:&nbsp;<\/strong><span class=\"ff_dynamic_value\" data-ref=\"nom_proprietaire\" data-fallback=\"\">NESS STUDIOS (NESS STUDIOS)<\/span>&nbsp;- Contact :&nbsp;<span class=\"ff_dynamic_value\" data-ref=\"e_mail_contact\" data-fallback=\"\">contact@studiosness.com<\/span>&nbsp;- Address :&nbsp;<span class=\"ff_dynamic_value\" data-ref=\"adresse_postale\" data-fallback=\"\">NESS STUDIOS, 26C AVENUE DU PARMELAN 26 AV DU PARMELAN 74000 ANNECY<\/span>.<\/p>\n<p><strong>Company identification:<\/strong>&nbsp;<span class=\"ff_dynamic_value\" data-ref=\"forme_juridique\" data-fallback=\"\">SAS<\/span>&nbsp;<span class=\"ff_dynamic_value\" data-ref=\"nom_proprietaire\" data-fallback=\"\">NESS STUDIOS (NESS STUDIOS)<\/span>&nbsp;with share capital of \u20ac \u2013 SIREN:&nbsp;<span class=\"ff_dynamic_value\" data-ref=\"siren\" data-fallback=\"\">95347994600014<\/span>&nbsp;\u2013 RCS or RM: \u2013 Postal address:&nbsp;<span class=\"ff_dynamic_value\" data-ref=\"adresse_postale\" data-fallback=\"\">NESS STUDIOS, 26C AVENUE DU PARMELAN 26 AV DU PARMELAN 74000 ANNECY<\/span><\/p>\n<p><strong>Publishing Director:&nbsp;<\/strong><span class=\"ff_dynamic_value\" data-ref=\"directeur_publication\" data-fallback=\"\">Hugo Berness<\/span>&nbsp;- Contact :&nbsp;<span class=\"ff_dynamic_value\" data-ref=\"contact_directeur\" data-fallback=\"\">contact@studiosness.com<\/span>.<\/p>\n<p><strong>Hosting provider:<\/strong>&nbsp;<span class=\"ff_dynamic_value\" data-ref=\"hebergeur\" data-fallback=\"\">O2Switch \u2013 222 Boulevard Gustave Flaubert, 63000 Clermont-Ferrand \u2013 Telephone: 04.44.44.60.40<\/span><\/p>\n<p><strong>Data Protection Officer:&nbsp;<\/strong><span class=\"ff_dynamic_value\" data-ref=\"dpo\" data-fallback=\"\">Hugo Berness<\/span>&nbsp;\u2013&nbsp;<span class=\"ff_dynamic_value\" data-ref=\"contact_dpo\" data-fallback=\"\">contact@studiosness.com<\/span><\/p>\n<p><strong>Other contributors:<\/strong><\/p>\n<hr class=\"wp-block-separator\">\n<h2><span id=\"lwptoc21\">2 \u2013 Intellectual property and counterfeiting.<\/span><\/h2>\n<p><strong><span class=\"ff_dynamic_value\" data-ref=\"nom_proprietaire\" data-fallback=\"\">NESS STUDIOS (NESS STUDIOS)<\/span><\/strong>&nbsp;owns the intellectual property rights and holds the rights of use on all elements accessible on the website, including texts, images, graphics, logos, videos, architecture, icons and sounds.<\/p>\n<p>Any reproduction, representation, modification, publication, or adaptation of all or part of the site&#039;s elements, regardless of the means or process used, is prohibited without the prior written authorization of&nbsp;<strong><span class=\"ff_dynamic_value\" data-ref=\"nom_proprietaire\" data-fallback=\"\">NESS STUDIOS (NESS STUDIOS)<\/span><\/strong>.<\/p>\n<p>Any unauthorized use of the site or any of its content will be considered an infringement and prosecuted in accordance with the provisions of the articles&nbsp;<a href=\"https:\/\/www.legifrance.gouv.fr\/affichCodeArticle.do?idArticle=LEGIARTI000032655082&amp;cidTexte=LEGITEXT000006069414&amp;dateTexte=20160605\" target=\"_blank\" rel=\"noreferrer nofollow noopener\">Articles L.335-2 et seq. of the Intellectual Property Code<\/a>.<\/p>\n<hr class=\"wp-block-separator\">\n<h2><span id=\"lwptoc22\">3 \u2013 Limitations of liability.<\/span><\/h2>\n<p><strong><span class=\"ff_dynamic_value\" data-ref=\"nom_proprietaire\" data-fallback=\"\">NESS STUDIOS (NESS STUDIOS)<\/span><\/strong>&nbsp;cannot be held liable for any direct or indirect damage caused to the user&#039;s equipment when accessing the site&nbsp;<strong><span class=\"ff_dynamic_value\" data-ref=\"url\" data-fallback=\"\">https:\/\/studiosness.com\/<\/span><\/strong>.<\/p>\n<p><strong><span class=\"ff_dynamic_value\" data-ref=\"nom_proprietaire\" data-fallback=\"\">NESS STUDIOS (NESS STUDIOS)<\/span><\/strong>&nbsp;declines all responsibility for any use that may be made of the information and content found on&nbsp;<strong><span class=\"ff_dynamic_value\" data-ref=\"url\" data-fallback=\"\">https:\/\/studiosness.com\/<\/span><\/strong>.<\/p>\n<p><strong><span class=\"ff_dynamic_value\" data-ref=\"nom_proprietaire\" data-fallback=\"\">NESS STUDIOS (NESS STUDIOS)<\/span><\/strong>&nbsp;commits to securing the site as best as possible&nbsp;<strong><span class=\"ff_dynamic_value\" data-ref=\"url\" data-fallback=\"\">https:\/\/studiosness.com\/<\/span><\/strong>, However, its responsibility cannot be invoked if unwanted data is imported and installed on its site without its knowledge.<\/p>\n<p>Interactive spaces (contact or comments section) are available to users.&nbsp;<strong><span class=\"ff_dynamic_value\" data-ref=\"nom_proprietaire\" data-fallback=\"\">NESS STUDIOS (NESS STUDIOS)<\/span><\/strong>&nbsp;reserves the right to remove, without prior notice, any content posted in this space that violates applicable French law, in particular provisions relating to data protection.<\/p>\n<p>If applicable,&nbsp;<strong><span class=\"ff_dynamic_value\" data-ref=\"nom_proprietaire\" data-fallback=\"\">NESS STUDIOS (NESS STUDIOS)<\/span><\/strong>&nbsp;also reserves the right to pursue civil and\/or criminal action against the user, particularly in the case of messages that are racist, abusive, defamatory, or pornographic, regardless of the medium used (text, photograph, etc.).<\/p>\n<hr class=\"wp-block-separator\">\n<h2><span id=\"lwptoc23\">4 \u2013 CNIL and management of personal data.<\/span><\/h2>\n<p>In accordance with the provisions of&nbsp;<a href=\"https:\/\/www.legifrance.gouv.fr\/affichTexte.do?cidTexte=JORFTEXT000000886460\" target=\"_blank\" rel=\"noreferrer nofollow noopener\">Law 78-17 of January 6, 1978, as amended<\/a>, the website user&nbsp;<strong><span class=\"ff_dynamic_value\" data-ref=\"url\" data-fallback=\"\">https:\/\/studiosness.com\/<\/span><\/strong>&nbsp;You have the right to access, modify, and delete the information collected. To exercise this right, send a message to our Data Protection Officer:&nbsp;<strong><span class=\"ff_dynamic_value\" data-ref=\"dpo\" data-fallback=\"\">Hugo Berness<\/span><\/strong>&nbsp;\u2013&nbsp;<strong><span class=\"ff_dynamic_value\" data-ref=\"contact_dpo\" data-fallback=\"\">contact@studiosness.com<\/span><\/strong>.<\/p>\n<p>For more information on how we process your data (type of data, purpose, recipient, etc.), please read our&nbsp;<strong><span class=\"ff_dynamic_value\" data-ref=\"politique_confidentialite\" data-fallback=\"\">https:\/\/studiosness.com\/index.php\/politique-de-cookies-ue\/<\/span><\/strong>.&nbsp;<\/p>\n<hr class=\"wp-block-separator\">\n<h2><span id=\"lwptoc24\">5 \u2013 Hyperlinks and cookies<\/span><\/h2>\n<p>The site&nbsp;<strong><span class=\"ff_dynamic_value\" data-ref=\"url\" data-fallback=\"\">https:\/\/studiosness.com\/<\/span><\/strong>&nbsp;contains hyperlinks to other sites and disclaims all responsibility for these external links or for links created by other sites to&nbsp;<strong><span class=\"ff_dynamic_value\" data-ref=\"url\" data-fallback=\"\">https:\/\/studiosness.com\/<\/span><\/strong>.<\/p>\n<p>Site navigation&nbsp;<strong><span class=\"ff_dynamic_value\" data-ref=\"url\" data-fallback=\"\">https:\/\/studiosness.com\/<\/span><\/strong>&nbsp;is likely to cause the installation of cookie(s) on the user&#039;s computer.<\/p>\n<p>A &quot;cookie&quot; is a small file that records information about a user&#039;s browsing activity on a website. The data obtained in this way allows for measurements of website traffic, for example.<\/p>\n<p>You have the option&nbsp;<strong>to accept or decline cookies<\/strong>&nbsp;By modifying your browser settings. No cookies will be placed without your consent.<\/p>\n<p>Cookies are stored for a maximum period of&nbsp;<span class=\"ff_dynamic_value\" data-ref=\"cookies\" data-fallback=\"\">13<\/span>&nbsp;month.<\/p>\n<p>For more information on how we use cookies, please read our&nbsp;<strong><span class=\"ff_dynamic_value\" data-ref=\"politique_confidentialite\" data-fallback=\"\">https:\/\/studiosness.com\/index.php\/politique-de-cookies-ue\/<\/span><\/strong>.<\/p>\n<hr class=\"wp-block-separator\">\n<h2><span id=\"lwptoc25\">6 \u2013 Applicable law and jurisdiction.<\/span><\/h2>\n<p>Any dispute related to the use of the site&nbsp;<strong><span class=\"ff_dynamic_value\" data-ref=\"url\" data-fallback=\"\">https:\/\/studiosness.com\/<\/span><\/strong>&nbsp;is subject to French law. Except where prohibited by law, exclusive jurisdiction is granted to the competent courts of&nbsp;<strong><span class=\"ff_dynamic_value\" data-ref=\"ville_du_tribunal\" data-fallback=\"\">Annecy<\/span><\/strong>.<\/p>\t\t\t\t\t\t\t\t<\/div>\n\t\t\t\t<\/div>\n\t\t\t\t\t<\/div>\n\t\t\t\t<\/div>\n\t\t\t\t<\/div>","protected":false},"excerpt":{"rendered":"<p>1 &#8211; \u00c9dition du site En vertu de&nbsp;l&rsquo;article 6 de la loi n\u00b0 2004-575 du 21 juin 2004&nbsp;pour la confiance dans l&rsquo;\u00e9conomie num\u00e9rique, il est pr\u00e9cis\u00e9 aux utilisateurs du site internet&nbsp;https:\/\/studiosness.com\/&nbsp;l&rsquo;identit\u00e9 des diff\u00e9rents intervenants dans le cadre de sa r\u00e9alisation et de son suivi: Propri\u00e9taire du site :&nbsp;STUDIOS NESS (STUDIOS NESS)&nbsp;&#8211; Contact :&nbsp;contact@studiosness.com&nbsp;&#8211; Adresse :&nbsp;STUDIOS [&hellip;]<\/p>","protected":false},"author":2,"featured_media":0,"parent":0,"menu_order":0,"comment_status":"closed","ping_status":"closed","template":"","meta":{"_acf_changed":false,"footnotes":""},"class_list":["post-1378","page","type-page","status-publish","hentry"],"acf":[],"_links":{"self":[{"href":"https:\/\/studiosness.com\/en\/wp-json\/wp\/v2\/pages\/1378","targetHints":{"allow":["GET"]}}],"collection":[{"href":"https:\/\/studiosness.com\/en\/wp-json\/wp\/v2\/pages"}],"about":[{"href":"https:\/\/studiosness.com\/en\/wp-json\/wp\/v2\/types\/page"}],"author":[{"embeddable":true,"href":"https:\/\/studiosness.com\/en\/wp-json\/wp\/v2\/users\/2"}],"replies":[{"embeddable":true,"href":"https:\/\/studiosness.com\/en\/wp-json\/wp\/v2\/comments?post=1378"}],"version-history":[{"count":4,"href":"https:\/\/studiosness.com\/en\/wp-json\/wp\/v2\/pages\/1378\/revisions"}],"predecessor-version":[{"id":1382,"href":"https:\/\/studiosness.com\/en\/wp-json\/wp\/v2\/pages\/1378\/revisions\/1382"}],"wp:attachment":[{"href":"https:\/\/studiosness.com\/en\/wp-json\/wp\/v2\/media?parent=1378"}],"curies":[{"name":"wp","href":"https:\/\/api.w.org\/{rel}","templated":true}]}}