{"id":28,"date":"2024-04-08T16:14:47","date_gmt":"2024-04-08T14:14:47","guid":{"rendered":"https:\/\/studiosness.com\/?page_id=28"},"modified":"2025-12-17T20:22:59","modified_gmt":"2025-12-17T19:22:59","slug":"le-studio","status":"publish","type":"page","link":"https:\/\/studiosness.com\/en\/le-studio\/","title":{"rendered":"The studio"},"content":{"rendered":"<div data-elementor-type=\"wp-page\" data-elementor-id=\"28\" class=\"elementor elementor-28\" data-elementor-post-type=\"page\">\n\t\t\t\t<div class=\"elementor-element elementor-element-841896b e-flex e-con-boxed e-con e-parent\" data-id=\"841896b\" data-element_type=\"container\" data-e-type=\"container\" data-settings=\"{&quot;background_background&quot;:&quot;slideshow&quot;,&quot;background_slideshow_gallery&quot;:[{&quot;id&quot;:640,&quot;url&quot;:&quot;https:\\\/\\\/studiosness.com\\\/wp-content\\\/uploads\\\/2024\\\/09\\\/Screenshot-2024-09-09-at-15.25.52.png&quot;},{&quot;id&quot;:961,&quot;url&quot;:&quot;https:\\\/\\\/studiosness.com\\\/wp-content\\\/uploads\\\/2024\\\/12\\\/ASTRA-36-2.jpg&quot;}],&quot;background_slideshow_ken_burns&quot;:&quot;yes&quot;,&quot;background_slideshow_loop&quot;:&quot;yes&quot;,&quot;background_slideshow_slide_duration&quot;:5000,&quot;background_slideshow_slide_transition&quot;:&quot;fade&quot;,&quot;background_slideshow_transition_duration&quot;:500,&quot;background_slideshow_ken_burns_zoom_direction&quot;:&quot;in&quot;}\">\n\t\t\t\t\t<div class=\"e-con-inner\">\n\t\t\t\t<div class=\"elementor-element elementor-element-0a6ccbb elementor-widget elementor-widget-heading\" data-id=\"0a6ccbb\" data-element_type=\"widget\" data-e-type=\"widget\" data-widget_type=\"heading.default\">\n\t\t\t\t<div class=\"elementor-widget-container\">\n\t\t\t\t\t<h1 class=\"elementor-heading-title elementor-size-default\"> Your event<br>our creation<\/h1>\t\t\t\t<\/div>\n\t\t\t\t<\/div>\n\t\t\t\t\t<\/div>\n\t\t\t\t<\/div>\n\t\t<div class=\"elementor-element elementor-element-d6a0e58 e-flex e-con-boxed e-con e-parent\" data-id=\"d6a0e58\" data-element_type=\"container\" data-e-type=\"container\">\n\t\t\t\t\t<div class=\"e-con-inner\">\n\t\t<div class=\"elementor-element elementor-element-1ebdc65 e-con-full e-flex e-con e-child\" data-id=\"1ebdc65\" data-element_type=\"container\" data-e-type=\"container\">\n\t\t<div class=\"elementor-element elementor-element-c262815 e-con-full e-flex e-con e-child\" data-id=\"c262815\" data-element_type=\"container\" data-e-type=\"container\" data-settings=\"{&quot;background_background&quot;:&quot;classic&quot;}\">\n\t\t\t\t<div class=\"elementor-element elementor-element-5778462 elementor-widget elementor-widget-spacer\" data-id=\"5778462\" data-element_type=\"widget\" data-e-type=\"widget\" data-widget_type=\"spacer.default\">\n\t\t\t\t<div class=\"elementor-widget-container\">\n\t\t\t\t\t\t\t<div class=\"elementor-spacer\">\n\t\t\t<div class=\"elementor-spacer-inner\"><\/div>\n\t\t<\/div>\n\t\t\t\t\t\t<\/div>\n\t\t\t\t<\/div>\n\t\t\t\t<\/div>\n\t\t\t\t<\/div>\n\t\t<div class=\"elementor-element elementor-element-920d08b e-con-full e-flex e-con e-child\" data-id=\"920d08b\" data-element_type=\"container\" data-e-type=\"container\">\n\t\t\t\t<div class=\"elementor-element elementor-element-7a2ec07 elementor-widget elementor-widget-heading\" data-id=\"7a2ec07\" data-element_type=\"widget\" data-e-type=\"widget\" data-widget_type=\"heading.default\">\n\t\t\t\t<div class=\"elementor-widget-container\">\n\t\t\t\t\t<h2 class=\"elementor-heading-title elementor-size-default\">A word from the founder<\/h2>\t\t\t\t<\/div>\n\t\t\t\t<\/div>\n\t\t\t\t<div class=\"elementor-element elementor-element-7431553 elementor-widget elementor-widget-text-editor\" data-id=\"7431553\" data-element_type=\"widget\" data-e-type=\"widget\" data-widget_type=\"text-editor.default\">\n\t\t\t\t<div class=\"elementor-widget-container\">\n\t\t\t\t\t\t\t\t\t<p>With 12 years of experience in the music and events industry, Hugo Berness and his team have built a solid reputation in organizing tailor-made events.<\/p><p>Whether you wish to organize a high-impact seminar, an elegant private party, or a magical wedding,<br \/>We are committed to providing you with a quality service that respects your expectations and is true to your vision.<\/p>\t\t\t\t\t\t\t\t<\/div>\n\t\t\t\t<\/div>\n\t\t\t\t<div class=\"elementor-element elementor-element-368f1c7 elementor-align-justify elementor-widget elementor-widget-button\" data-id=\"368f1c7\" data-element_type=\"widget\" data-e-type=\"widget\" data-widget_type=\"button.default\">\n\t\t\t\t<div class=\"elementor-widget-container\">\n\t\t\t\t\t\t\t\t\t<div class=\"elementor-button-wrapper\">\n\t\t\t\t\t<a class=\"elementor-button elementor-button-link elementor-size-sm\" href=\"https:\/\/studiosness.com\/index.php\/reserver-une-prestation\/\">\n\t\t\t\t\t\t<span class=\"elementor-button-content-wrapper\">\n\t\t\t\t\t\t<span class=\"elementor-button-icon\">\n\t\t\t\t<svg xmlns=\"http:\/\/www.w3.org\/2000\/svg\" id=\"Layer_1\" viewbox=\"0 0 92.41 91.33\"><defs><style>.cls-1{fill:#da6527;stroke-width:0px;}<\/style><\/defs><path class=\"cls-1\" d=\"M45.74.02c2.78,0,5.55-.05,8.33.01,2.95.07,3.33.71,2.61,3.56-2.09,8.3-4.2,16.61-6.14,24.95-.49,2.09-.38,4.32-.5,6.48-.02.3.22.62.34.93.3-.15.7-.23.89-.47.84-1.03,1.63-2.09,2.42-3.15,5.53-7.37,10.08-15.31,13.84-23.72,1.6-3.57,2.15-3.74,5.11-.99,3.98,3.69,7.84,7.52,11.67,11.37,2.41,2.41,2.24,3.28-.84,4.65-9.08,4.05-17.37,9.41-25.34,15.29-.89.66-1.48,1.72-2.2,2.59,1.16,0,2.35.18,3.47-.05,7.31-1.48,14.62-2.97,21.88-4.63,2.57-.59,5-1.73,7.52-2.52,2.55-.79,3.38-.26,3.44,2.4.13,5.68.15,11.37.16,17.06,0,2.98-.6,3.37-3.46,2.54-4.74-1.38-9.44-3.01-14.25-4.05-5.76-1.24-11.62-1.97-17.44-2.89-.44-.07-.91.13-1.37.2.3.44.51.98.9,1.29,8.32,6.47,17.34,11.78,26.97,16.05.66.29,1.35.55,1.95.93,1.27.82,1.49,1.87.38,2.99-4.49,4.56-8.95,9.16-13.53,13.63-1.52,1.48-2.29,1.14-3.51-1.14-1.99-3.73-3.72-7.62-5.97-11.17-3.43-5.4-7.2-10.57-10.86-15.81-.39-.55-1.05-.91-1.59-1.36-.17.75-.58,1.53-.47,2.23,1.49,9.82,3.58,19.49,7.08,28.82.21.57.51,1.1.67,1.68.72,2.56.24,3.4-2.43,3.47-5.79.15-11.59.18-17.38.13-2.52-.02-3.09-1.21-2.3-3.94,1.58-5.43,3.35-10.82,4.6-16.33,1.07-4.7,1.54-9.53,2.23-14.32.08-.56-.1-1.16-.15-1.75-.55.4-1.22.69-1.63,1.2-6.24,7.75-11.19,16.31-15.44,25.29-.15.33-.26.68-.42,1-1.82,3.88-2.4,3.99-5.55.95-3.65-3.52-7.29-7.05-10.92-10.58-2.84-2.76-2.69-3.86.87-5.46,8.96-4.02,17.18-9.25,25.01-15.14.48-.36.99-.7,1.39-1.14.28-.31.38-.78.56-1.18-.35-.08-.7-.25-1.04-.23-1.93.09-3.92-.06-5.77.4-8.41,2.1-16.8,4.29-25.15,6.63-3.48.97-4.18.74-4.25-2.74C.02,48.66-.02,43.33.01,38.01c.02-3.4.61-3.71,3.91-2.82,6.85,1.85,13.68,3.77,20.59,5.37,3.5.81,7.15,1.01,10.74,1.44.4.05.84-.21,1.27-.32-.22-.4-.35-.93-.69-1.16-4.35-3.02-8.6-6.23-13.15-8.93-4.55-2.7-9.39-4.92-14.12-7.31-3.41-1.72-3.56-2.47-.87-5.17,3.66-3.67,7.29-7.38,11-11,2.71-2.65,3.61-2.47,5.23.94,4.27,8.99,9.64,17.27,15.75,25.09.3.38.57.8.93,1.11.42.36.93.63,1.4.93.12-.55.42-1.13.33-1.64-1-5.46-1.84-10.97-3.18-16.35-1.22-4.9-2.99-9.67-4.54-14.49-.89-2.76-.37-3.61,2.46-3.65,2.89-.05,5.79-.01,8.69-.01V.02Z\"><\/path><\/svg>\t\t\t<\/span>\n\t\t\t\t\t\t\t\t\t<span class=\"elementor-button-text\">Get in touch <\/span>\n\t\t\t\t\t<\/span>\n\t\t\t\t\t<\/a>\n\t\t\t\t<\/div>\n\t\t\t\t\t\t\t\t<\/div>\n\t\t\t\t<\/div>\n\t\t\t\t<\/div>\n\t\t\t\t\t<\/div>\n\t\t\t\t<\/div>\n\t\t<div class=\"elementor-element elementor-element-4eb2ae8 e-flex e-con-boxed e-con e-parent\" data-id=\"4eb2ae8\" data-element_type=\"container\" data-e-type=\"container\">\n\t\t\t\t\t<div class=\"e-con-inner\">\n\t\t<div class=\"elementor-element elementor-element-7b62566 e-con-full e-flex e-con e-child\" data-id=\"7b62566\" data-element_type=\"container\" data-e-type=\"container\">\n\t\t<div class=\"elementor-element elementor-element-f9cb89c e-con-full animated-slow e-flex elementor-invisible e-con e-child\" data-id=\"f9cb89c\" data-element_type=\"container\" data-e-type=\"container\" data-settings=\"{&quot;motion_fx_motion_fx_scrolling&quot;:&quot;yes&quot;,&quot;animation&quot;:&quot;fadeIn&quot;,&quot;motion_fx_devices&quot;:[&quot;desktop&quot;,&quot;tablet&quot;,&quot;mobile&quot;]}\">\n\t\t\t\t<div class=\"elementor-element elementor-element-b313359 elementor-widget elementor-widget-heading\" data-id=\"b313359\" data-element_type=\"widget\" data-e-type=\"widget\" data-widget_type=\"heading.default\">\n\t\t\t\t<div class=\"elementor-widget-container\">\n\t\t\t\t\t<h2 class=\"elementor-heading-title elementor-size-default\">Exceptional artists <\/h2>\t\t\t\t<\/div>\n\t\t\t\t<\/div>\n\t\t\t\t<div class=\"elementor-element elementor-element-5df1557 elementor-widget elementor-widget-text-editor\" data-id=\"5df1557\" data-element_type=\"widget\" data-e-type=\"widget\" data-widget_type=\"text-editor.default\">\n\t\t\t\t<div class=\"elementor-widget-container\">\n\t\t\t\t\t\t\t\t\tAt Studios Ness, we craft moments you&#039;ll never forget. We listen to you, we understand you, and we transform your desires into unique experiences. Our passion is creating events that reflect your personality, by surrounding ourselves with the best artistic and technical talent.\n\t\t\t\t\t\t\t\t<\/div>\n\t\t\t\t<\/div>\n\t\t\t\t<\/div>\n\t\t<div class=\"elementor-element elementor-element-dfc2d93 e-con-full animated-slow e-flex elementor-invisible e-con e-child\" data-id=\"dfc2d93\" data-element_type=\"container\" data-e-type=\"container\" data-settings=\"{&quot;motion_fx_motion_fx_scrolling&quot;:&quot;yes&quot;,&quot;animation&quot;:&quot;fadeIn&quot;,&quot;motion_fx_devices&quot;:[&quot;desktop&quot;,&quot;tablet&quot;,&quot;mobile&quot;]}\">\n\t\t\t\t<div class=\"elementor-element elementor-element-68d5558 elementor-widget elementor-widget-heading\" data-id=\"68d5558\" data-element_type=\"widget\" data-e-type=\"widget\" data-widget_type=\"heading.default\">\n\t\t\t\t<div class=\"elementor-widget-container\">\n\t\t\t\t\t<h2 class=\"elementor-heading-title elementor-size-default\">A human approach<\/h2>\t\t\t\t<\/div>\n\t\t\t\t<\/div>\n\t\t\t\t<div class=\"elementor-element elementor-element-1ad9035 elementor-widget elementor-widget-text-editor\" data-id=\"1ad9035\" data-element_type=\"widget\" data-e-type=\"widget\" data-widget_type=\"text-editor.default\">\n\t\t\t\t<div class=\"elementor-widget-container\">\n\t\t\t\t\t\t\t\t\t<p><span style=\"font-weight: 400;\">Whether you&#039;re a business or an individual, our team is by your side every step of the way, with one goal in mind: to make your event an unforgettable experience. From selecting artists to creating bespoke atmospheres, we put our know-how and expertise at the service of your vision, always with a warm and personal approach.<\/span><\/p>\t\t\t\t\t\t\t\t<\/div>\n\t\t\t\t<\/div>\n\t\t\t\t<\/div>\n\t\t<div class=\"elementor-element elementor-element-acddcb3 e-con-full animated-slow e-flex elementor-invisible e-con e-child\" data-id=\"acddcb3\" data-element_type=\"container\" data-e-type=\"container\" data-settings=\"{&quot;motion_fx_motion_fx_scrolling&quot;:&quot;yes&quot;,&quot;animation&quot;:&quot;fadeIn&quot;,&quot;motion_fx_devices&quot;:[&quot;desktop&quot;,&quot;tablet&quot;,&quot;mobile&quot;]}\">\n\t\t\t\t<div class=\"elementor-element elementor-element-1322192 elementor-widget elementor-widget-heading\" data-id=\"1322192\" data-element_type=\"widget\" data-e-type=\"widget\" data-widget_type=\"heading.default\">\n\t\t\t\t<div class=\"elementor-widget-container\">\n\t\t\t\t\t<h2 class=\"elementor-heading-title elementor-size-default\">An ability to adapt <\/h2>\t\t\t\t<\/div>\n\t\t\t\t<\/div>\n\t\t\t\t<div class=\"elementor-element elementor-element-68ed75a elementor-widget elementor-widget-text-editor\" data-id=\"68ed75a\" data-element_type=\"widget\" data-e-type=\"widget\" data-widget_type=\"text-editor.default\">\n\t\t\t\t<div class=\"elementor-widget-container\">\n\t\t\t\t\t\t\t\t\t<p><span style=\"font-weight: 400;\">In addition to our event expertise, we also support bars, restaurants, and clubs with their artistic programming. Whether it&#039;s for concerts, DJ sets, live performances, or themed events, we help you create unique atmospheres and offer memorable experiences to your customers.<\/span><\/p>\t\t\t\t\t\t\t\t<\/div>\n\t\t\t\t<\/div>\n\t\t\t\t<\/div>\n\t\t<div class=\"elementor-element elementor-element-a431cf1 e-con-full animated-slow e-flex elementor-invisible e-con e-child\" data-id=\"a431cf1\" data-element_type=\"container\" data-e-type=\"container\" data-settings=\"{&quot;motion_fx_motion_fx_scrolling&quot;:&quot;yes&quot;,&quot;animation&quot;:&quot;fadeIn&quot;,&quot;motion_fx_devices&quot;:[&quot;desktop&quot;,&quot;tablet&quot;,&quot;mobile&quot;]}\">\n\t\t\t\t<div class=\"elementor-element elementor-element-67a5e90 elementor-widget elementor-widget-heading\" data-id=\"67a5e90\" data-element_type=\"widget\" data-e-type=\"widget\" data-widget_type=\"heading.default\">\n\t\t\t\t<div class=\"elementor-widget-container\">\n\t\t\t\t\t<h2 class=\"elementor-heading-title elementor-size-default\">From Annecy to Europe<\/h2>\t\t\t\t<\/div>\n\t\t\t\t<\/div>\n\t\t\t\t<div class=\"elementor-element elementor-element-655ef34 elementor-widget elementor-widget-text-editor\" data-id=\"655ef34\" data-element_type=\"widget\" data-e-type=\"widget\" data-widget_type=\"text-editor.default\">\n\t\t\t\t<div class=\"elementor-widget-container\">\n\t\t\t\t\t\t\t\t\t<p><span style=\"font-weight: 400;\">Based in Annecy, with a presence in Lyon and Geneva, we support your projects wherever you need us, anywhere in France and Europe.<\/span><\/p><p><span style=\"font-weight: 400;\">Trust our team of professionals to create the perfect event or atmosphere that reflects your style!<\/span><\/p>\t\t\t\t\t\t\t\t<\/div>\n\t\t\t\t<\/div>\n\t\t\t\t<\/div>\n\t\t\t\t<div class=\"elementor-element elementor-element-73047b9 elementor-widget elementor-widget-spacer\" data-id=\"73047b9\" data-element_type=\"widget\" data-e-type=\"widget\" data-widget_type=\"spacer.default\">\n\t\t\t\t<div class=\"elementor-widget-container\">\n\t\t\t\t\t\t\t<div class=\"elementor-spacer\">\n\t\t\t<div class=\"elementor-spacer-inner\"><\/div>\n\t\t<\/div>\n\t\t\t\t\t\t<\/div>\n\t\t\t\t<\/div>\n\t\t\t\t<\/div>\n\t\t<div class=\"elementor-element elementor-element-079b761 e-con-full e-flex e-con e-child\" data-id=\"079b761\" data-element_type=\"container\" data-e-type=\"container\">\n\t\t\t\t<\/div>\n\t\t\t\t\t<\/div>\n\t\t\t\t<\/div>\n\t\t\t\t<\/div>","protected":false},"excerpt":{"rendered":"<p>Votre \u00e9v\u00e8nementnotre cr\u00e9ation Le mot du fondateur Fort de 12 ans d\u2019exp\u00e9rience dans l\u2019univers de la musique et de l\u2019\u00e9v\u00e9nementiel, Hugo Berness et son \u00e9quipe se sont forg\u00e9s une r\u00e9putation solide dans l\u2019organisation d&rsquo;\u00e9v\u00e9nements sur mesure. Que vous souhaitiez organiser un s\u00e9minaire percutant, une soir\u00e9e priv\u00e9e \u00e9l\u00e9gante ou un mariage magique,nous nous engageons \u00e0 vous [&hellip;]<\/p>","protected":false},"author":2,"featured_media":0,"parent":0,"menu_order":0,"comment_status":"closed","ping_status":"closed","template":"elementor_header_footer","meta":{"_acf_changed":false,"footnotes":""},"class_list":["post-28","page","type-page","status-publish","hentry"],"acf":[],"_links":{"self":[{"href":"https:\/\/studiosness.com\/en\/wp-json\/wp\/v2\/pages\/28","targetHints":{"allow":["GET"]}}],"collection":[{"href":"https:\/\/studiosness.com\/en\/wp-json\/wp\/v2\/pages"}],"about":[{"href":"https:\/\/studiosness.com\/en\/wp-json\/wp\/v2\/types\/page"}],"author":[{"embeddable":true,"href":"https:\/\/studiosness.com\/en\/wp-json\/wp\/v2\/users\/2"}],"replies":[{"embeddable":true,"href":"https:\/\/studiosness.com\/en\/wp-json\/wp\/v2\/comments?post=28"}],"version-history":[{"count":89,"href":"https:\/\/studiosness.com\/en\/wp-json\/wp\/v2\/pages\/28\/revisions"}],"predecessor-version":[{"id":1280,"href":"https:\/\/studiosness.com\/en\/wp-json\/wp\/v2\/pages\/28\/revisions\/1280"}],"wp:attachment":[{"href":"https:\/\/studiosness.com\/en\/wp-json\/wp\/v2\/media?parent=28"}],"curies":[{"name":"wp","href":"https:\/\/api.w.org\/{rel}","templated":true}]}}