{"id":820,"date":"2024-11-19T11:59:40","date_gmt":"2024-11-19T10:59:40","guid":{"rendered":"https:\/\/studiosness.com\/?page_id=820"},"modified":"2026-01-08T14:01:18","modified_gmt":"2026-01-08T13:01:18","slug":"techniques","status":"publish","type":"page","link":"https:\/\/studiosness.com\/en\/techniques\/","title":{"rendered":"Techniques"},"content":{"rendered":"<div data-elementor-type=\"wp-page\" data-elementor-id=\"820\" class=\"elementor elementor-820\" data-elementor-post-type=\"page\">\n\t\t\t\t<div class=\"elementor-element elementor-element-0413bd6 e-flex e-con-boxed e-con e-parent\" data-id=\"0413bd6\" data-element_type=\"container\" data-e-type=\"container\" data-settings=\"{&quot;background_background&quot;:&quot;classic&quot;}\">\n\t\t\t\t\t<div class=\"e-con-inner\">\n\t\t\t\t<div class=\"elementor-element elementor-element-60d9d73 elementor-widget elementor-widget-heading\" data-id=\"60d9d73\" data-element_type=\"widget\" data-e-type=\"widget\" data-widget_type=\"heading.default\">\n\t\t\t\t<div class=\"elementor-widget-container\">\n\t\t\t\t\t<h1 class=\"elementor-heading-title elementor-size-default\">Sound and light rental<\/h1>\t\t\t\t<\/div>\n\t\t\t\t<\/div>\n\t\t\t\t<div class=\"elementor-element elementor-element-f261e72 elementor-widget elementor-widget-text-editor\" data-id=\"f261e72\" data-element_type=\"widget\" data-e-type=\"widget\" data-widget_type=\"text-editor.default\">\n\t\t\t\t<div class=\"elementor-widget-container\">\n\t\t\t\t\t\t\t\t\t<p>Sound and lighting equipment rental for all your events<\/p>\t\t\t\t\t\t\t\t<\/div>\n\t\t\t\t<\/div>\n\t\t\t\t\t<\/div>\n\t\t\t\t<\/div>\n\t\t<div class=\"elementor-element elementor-element-a9ac1de e-flex e-con-boxed e-con e-parent\" data-id=\"a9ac1de\" data-element_type=\"container\" data-e-type=\"container\">\n\t\t\t\t\t<div class=\"e-con-inner\">\n\t\t\t\t<div class=\"elementor-element elementor-element-eb62b2d elementor-widget elementor-widget-text-editor\" data-id=\"eb62b2d\" data-element_type=\"widget\" data-e-type=\"widget\" data-widget_type=\"text-editor.default\">\n\t\t\t\t<div class=\"elementor-widget-container\">\n\t\t\t\t\t\t\t\t\t<p><span style=\"font-weight: 400;\">At Studios Ness, we know that no two events are alike. Each one deserves its own unique atmosphere and emotions. That&#039;s why we offer a sound and lighting equipment rental service tailored to your needs, whether it&#039;s for a professional seminar, a private party, or a special occasion to celebrate.<\/span><\/p><p><span style=\"font-weight: 400;\">Want to discuss your project and receive a quote that matches your needs? Contact us!<\/span><span style=\"font-weight: 400;\"><br \/><\/span><\/p>\t\t\t\t\t\t\t\t<\/div>\n\t\t\t\t<\/div>\n\t\t\t\t\t<\/div>\n\t\t\t\t<\/div>\n\t\t<div class=\"elementor-element elementor-element-e74d50a e-flex e-con-boxed e-con e-parent\" data-id=\"e74d50a\" data-element_type=\"container\" data-e-type=\"container\">\n\t\t\t\t\t<div class=\"e-con-inner\">\n\t\t\t\t<div class=\"elementor-element elementor-element-3b57dd3 e-n-tabs-none elementor-widget elementor-widget-n-tabs\" data-id=\"3b57dd3\" data-element_type=\"widget\" data-e-type=\"widget\" data-settings=\"{&quot;horizontal_scroll&quot;:&quot;disable&quot;}\" data-widget_type=\"nested-tabs.default\">\n\t\t\t\t<div class=\"elementor-widget-container\">\n\t\t\t\t\t\t\t<div class=\"e-n-tabs\" data-widget-number=\"62225875\" aria-label=\"Tabs. Open items with Enter or Space, close them with Esc and navigate using the arrow keys.\">\n\t\t\t<div class=\"e-n-tabs-heading\" role=\"tablist\">\n\t\t\t\t\t<button id=\"e-n-tab-title-622258751\" data-tab-title-id=\"e-n-tab-title-622258751\" class=\"e-n-tab-title\" aria-selected=\"true\" data-tab-index=\"1\" role=\"tab\" tabindex=\"0\" aria-controls=\"e-n-tab-content-622258751\" style=\"--n-tabs-title-order: 1;\">\n\t\t\t\t\t\t<span class=\"e-n-tab-title-text\">\n\t\t\t\tLight\t\t\t<\/span>\n\t\t<\/button>\n\t\t\t\t<button id=\"e-n-tab-title-622258752\" data-tab-title-id=\"e-n-tab-title-622258752\" class=\"e-n-tab-title\" aria-selected=\"false\" data-tab-index=\"2\" role=\"tab\" tabindex=\"-1\" aria-controls=\"e-n-tab-content-622258752\" style=\"--n-tabs-title-order: 2;\">\n\t\t\t\t\t\t<span class=\"e-n-tab-title-text\">\n\t\t\t\tSound system\t\t\t<\/span>\n\t\t<\/button>\n\t\t\t\t\t<\/div>\n\t\t\t<div class=\"e-n-tabs-content\">\n\t\t\t\t<div id=\"e-n-tab-content-622258751\" role=\"tabpanel\" aria-labelledby=\"e-n-tab-title-622258751\" data-tab-index=\"1\" style=\"--n-tabs-title-order: 1;\" class=\"e-active elementor-element elementor-element-b8f50a9 e-con-full e-flex e-con e-child\" data-id=\"b8f50a9\" data-element_type=\"container\" data-e-type=\"container\">\n\t\t<div class=\"elementor-element elementor-element-8e29b87 e-con-full e-flex e-con e-child\" data-id=\"8e29b87\" data-element_type=\"container\" data-e-type=\"container\" data-settings=\"{&quot;background_background&quot;:&quot;classic&quot;}\">\n\t\t\t\t<div class=\"elementor-element elementor-element-78d3f86 elementor-widget elementor-widget-spacer\" data-id=\"78d3f86\" data-element_type=\"widget\" data-e-type=\"widget\" data-widget_type=\"spacer.default\">\n\t\t\t\t<div class=\"elementor-widget-container\">\n\t\t\t\t\t\t\t<div class=\"elementor-spacer\">\n\t\t\t<div class=\"elementor-spacer-inner\"><\/div>\n\t\t<\/div>\n\t\t\t\t\t\t<\/div>\n\t\t\t\t<\/div>\n\t\t\t\t<\/div>\n\t\t<div class=\"elementor-element elementor-element-93c99a8 e-con-full e-flex e-con e-child\" data-id=\"93c99a8\" data-element_type=\"container\" data-e-type=\"container\">\n\t\t\t\t<div class=\"elementor-element elementor-element-2188826 elementor-widget elementor-widget-heading\" data-id=\"2188826\" data-element_type=\"widget\" data-e-type=\"widget\" data-widget_type=\"heading.default\">\n\t\t\t\t<div class=\"elementor-widget-container\">\n\t\t\t\t\t<h2 class=\"elementor-heading-title elementor-size-default\">Light<\/h2>\t\t\t\t<\/div>\n\t\t\t\t<\/div>\n\t\t\t\t<div class=\"elementor-element elementor-element-1856235 elementor-widget elementor-widget-text-editor\" data-id=\"1856235\" data-element_type=\"widget\" data-e-type=\"widget\" data-widget_type=\"text-editor.default\">\n\t\t\t\t<div class=\"elementor-widget-container\">\n\t\t\t\t\t\t\t\t\t<p><span style=\"font-weight: 400;\">In your corporate or private events, lighting plays an essential role in creating an atmosphere.\u00a0\u00a0<\/span><\/p><p><span style=\"font-weight: 400;\">Our event agency offers a complete lighting equipment rental service suitable for all types of events, whether seminars, gala evenings, weddings or birthdays.\u00a0\u00a0<\/span><\/p><p><span style=\"font-weight: 400;\">The right lighting transforms a space and influences the overall atmosphere of your event. We help you design a warm, festive, or professional ambiance, according to your needs.<\/span><\/p>\t\t\t\t\t\t\t\t<\/div>\n\t\t\t\t<\/div>\n\t\t\t\t<div class=\"elementor-element elementor-element-2d071c2 elementor-align-left elementor-widget elementor-widget-button\" data-id=\"2d071c2\" data-element_type=\"widget\" data-e-type=\"widget\" data-widget_type=\"button.default\">\n\t\t\t\t<div class=\"elementor-widget-container\">\n\t\t\t\t\t\t\t\t\t<div class=\"elementor-button-wrapper\">\n\t\t\t\t\t<a class=\"elementor-button elementor-button-link elementor-size-sm\" href=\"https:\/\/studiosness.com\/index.php\/reserver-une-prestation\/\">\n\t\t\t\t\t\t<span class=\"elementor-button-content-wrapper\">\n\t\t\t\t\t\t<span class=\"elementor-button-icon\">\n\t\t\t\t<svg xmlns=\"http:\/\/www.w3.org\/2000\/svg\" id=\"Layer_1\" viewbox=\"0 0 92.41 91.33\"><defs><style>.cls-1{fill:#da6527;stroke-width:0px;}<\/style><\/defs><path class=\"cls-1\" d=\"M45.74.02c2.78,0,5.55-.05,8.33.01,2.95.07,3.33.71,2.61,3.56-2.09,8.3-4.2,16.61-6.14,24.95-.49,2.09-.38,4.32-.5,6.48-.02.3.22.62.34.93.3-.15.7-.23.89-.47.84-1.03,1.63-2.09,2.42-3.15,5.53-7.37,10.08-15.31,13.84-23.72,1.6-3.57,2.15-3.74,5.11-.99,3.98,3.69,7.84,7.52,11.67,11.37,2.41,2.41,2.24,3.28-.84,4.65-9.08,4.05-17.37,9.41-25.34,15.29-.89.66-1.48,1.72-2.2,2.59,1.16,0,2.35.18,3.47-.05,7.31-1.48,14.62-2.97,21.88-4.63,2.57-.59,5-1.73,7.52-2.52,2.55-.79,3.38-.26,3.44,2.4.13,5.68.15,11.37.16,17.06,0,2.98-.6,3.37-3.46,2.54-4.74-1.38-9.44-3.01-14.25-4.05-5.76-1.24-11.62-1.97-17.44-2.89-.44-.07-.91.13-1.37.2.3.44.51.98.9,1.29,8.32,6.47,17.34,11.78,26.97,16.05.66.29,1.35.55,1.95.93,1.27.82,1.49,1.87.38,2.99-4.49,4.56-8.95,9.16-13.53,13.63-1.52,1.48-2.29,1.14-3.51-1.14-1.99-3.73-3.72-7.62-5.97-11.17-3.43-5.4-7.2-10.57-10.86-15.81-.39-.55-1.05-.91-1.59-1.36-.17.75-.58,1.53-.47,2.23,1.49,9.82,3.58,19.49,7.08,28.82.21.57.51,1.1.67,1.68.72,2.56.24,3.4-2.43,3.47-5.79.15-11.59.18-17.38.13-2.52-.02-3.09-1.21-2.3-3.94,1.58-5.43,3.35-10.82,4.6-16.33,1.07-4.7,1.54-9.53,2.23-14.32.08-.56-.1-1.16-.15-1.75-.55.4-1.22.69-1.63,1.2-6.24,7.75-11.19,16.31-15.44,25.29-.15.33-.26.68-.42,1-1.82,3.88-2.4,3.99-5.55.95-3.65-3.52-7.29-7.05-10.92-10.58-2.84-2.76-2.69-3.86.87-5.46,8.96-4.02,17.18-9.25,25.01-15.14.48-.36.99-.7,1.39-1.14.28-.31.38-.78.56-1.18-.35-.08-.7-.25-1.04-.23-1.93.09-3.92-.06-5.77.4-8.41,2.1-16.8,4.29-25.15,6.63-3.48.97-4.18.74-4.25-2.74C.02,48.66-.02,43.33.01,38.01c.02-3.4.61-3.71,3.91-2.82,6.85,1.85,13.68,3.77,20.59,5.37,3.5.81,7.15,1.01,10.74,1.44.4.05.84-.21,1.27-.32-.22-.4-.35-.93-.69-1.16-4.35-3.02-8.6-6.23-13.15-8.93-4.55-2.7-9.39-4.92-14.12-7.31-3.41-1.72-3.56-2.47-.87-5.17,3.66-3.67,7.29-7.38,11-11,2.71-2.65,3.61-2.47,5.23.94,4.27,8.99,9.64,17.27,15.75,25.09.3.38.57.8.93,1.11.42.36.93.63,1.4.93.12-.55.42-1.13.33-1.64-1-5.46-1.84-10.97-3.18-16.35-1.22-4.9-2.99-9.67-4.54-14.49-.89-2.76-.37-3.61,2.46-3.65,2.89-.05,5.79-.01,8.69-.01V.02Z\"><\/path><\/svg>\t\t\t<\/span>\n\t\t\t\t\t\t\t\t\t<span class=\"elementor-button-text\">Rental application<\/span>\n\t\t\t\t\t<\/span>\n\t\t\t\t\t<\/a>\n\t\t\t\t<\/div>\n\t\t\t\t\t\t\t\t<\/div>\n\t\t\t\t<\/div>\n\t\t\t\t<\/div>\n\t\t\t\t<\/div>\n\t\t<div id=\"e-n-tab-content-622258752\" role=\"tabpanel\" aria-labelledby=\"e-n-tab-title-622258752\" data-tab-index=\"2\" style=\"--n-tabs-title-order: 2;\" class=\"elementor-element elementor-element-784137f e-con-full e-flex e-con e-child\" data-id=\"784137f\" data-element_type=\"container\" data-e-type=\"container\">\n\t\t<div class=\"elementor-element elementor-element-007b95e e-con-full e-flex e-con e-child\" data-id=\"007b95e\" data-element_type=\"container\" data-e-type=\"container\">\n\t\t\t\t<div class=\"elementor-element elementor-element-8547c2d elementor-widget elementor-widget-heading\" data-id=\"8547c2d\" data-element_type=\"widget\" data-e-type=\"widget\" data-widget_type=\"heading.default\">\n\t\t\t\t<div class=\"elementor-widget-container\">\n\t\t\t\t\t<h2 class=\"elementor-heading-title elementor-size-default\">Sound system\n<\/h2>\t\t\t\t<\/div>\n\t\t\t\t<\/div>\n\t\t\t\t<div class=\"elementor-element elementor-element-722a53b elementor-widget elementor-widget-text-editor\" data-id=\"722a53b\" data-element_type=\"widget\" data-e-type=\"widget\" data-widget_type=\"text-editor.default\">\n\t\t\t\t<div class=\"elementor-widget-container\">\n\t\t\t\t\t\t\t\t\t<p><span style=\"font-weight: 400;\">Our range of sound equipment includes state-of-the-art speaker systems, microphones, and mixing consoles. Whether you need clear sound for presentations, speeches, or lively evenings with our artists, DJs, performers, or bands, we&#039;re here to help.<\/span><\/p><p><span style=\"font-weight: 400;\">We advise you on choosing the ideal equipment to guarantee you an optimal sound experience.<\/span><\/p>\t\t\t\t\t\t\t\t<\/div>\n\t\t\t\t<\/div>\n\t\t\t\t<div class=\"elementor-element elementor-element-2dec212 elementor-align-left elementor-widget elementor-widget-button\" data-id=\"2dec212\" data-element_type=\"widget\" data-e-type=\"widget\" data-widget_type=\"button.default\">\n\t\t\t\t<div class=\"elementor-widget-container\">\n\t\t\t\t\t\t\t\t\t<div class=\"elementor-button-wrapper\">\n\t\t\t\t\t<a class=\"elementor-button elementor-button-link elementor-size-sm\" href=\"https:\/\/studiosness.com\/index.php\/reserver-une-prestation\/\">\n\t\t\t\t\t\t<span class=\"elementor-button-content-wrapper\">\n\t\t\t\t\t\t<span class=\"elementor-button-icon\">\n\t\t\t\t<svg xmlns=\"http:\/\/www.w3.org\/2000\/svg\" id=\"Layer_1\" viewbox=\"0 0 92.41 91.33\"><defs><style>.cls-1{fill:#da6527;stroke-width:0px;}<\/style><\/defs><path class=\"cls-1\" d=\"M45.74.02c2.78,0,5.55-.05,8.33.01,2.95.07,3.33.71,2.61,3.56-2.09,8.3-4.2,16.61-6.14,24.95-.49,2.09-.38,4.32-.5,6.48-.02.3.22.62.34.93.3-.15.7-.23.89-.47.84-1.03,1.63-2.09,2.42-3.15,5.53-7.37,10.08-15.31,13.84-23.72,1.6-3.57,2.15-3.74,5.11-.99,3.98,3.69,7.84,7.52,11.67,11.37,2.41,2.41,2.24,3.28-.84,4.65-9.08,4.05-17.37,9.41-25.34,15.29-.89.66-1.48,1.72-2.2,2.59,1.16,0,2.35.18,3.47-.05,7.31-1.48,14.62-2.97,21.88-4.63,2.57-.59,5-1.73,7.52-2.52,2.55-.79,3.38-.26,3.44,2.4.13,5.68.15,11.37.16,17.06,0,2.98-.6,3.37-3.46,2.54-4.74-1.38-9.44-3.01-14.25-4.05-5.76-1.24-11.62-1.97-17.44-2.89-.44-.07-.91.13-1.37.2.3.44.51.98.9,1.29,8.32,6.47,17.34,11.78,26.97,16.05.66.29,1.35.55,1.95.93,1.27.82,1.49,1.87.38,2.99-4.49,4.56-8.95,9.16-13.53,13.63-1.52,1.48-2.29,1.14-3.51-1.14-1.99-3.73-3.72-7.62-5.97-11.17-3.43-5.4-7.2-10.57-10.86-15.81-.39-.55-1.05-.91-1.59-1.36-.17.75-.58,1.53-.47,2.23,1.49,9.82,3.58,19.49,7.08,28.82.21.57.51,1.1.67,1.68.72,2.56.24,3.4-2.43,3.47-5.79.15-11.59.18-17.38.13-2.52-.02-3.09-1.21-2.3-3.94,1.58-5.43,3.35-10.82,4.6-16.33,1.07-4.7,1.54-9.53,2.23-14.32.08-.56-.1-1.16-.15-1.75-.55.4-1.22.69-1.63,1.2-6.24,7.75-11.19,16.31-15.44,25.29-.15.33-.26.68-.42,1-1.82,3.88-2.4,3.99-5.55.95-3.65-3.52-7.29-7.05-10.92-10.58-2.84-2.76-2.69-3.86.87-5.46,8.96-4.02,17.18-9.25,25.01-15.14.48-.36.99-.7,1.39-1.14.28-.31.38-.78.56-1.18-.35-.08-.7-.25-1.04-.23-1.93.09-3.92-.06-5.77.4-8.41,2.1-16.8,4.29-25.15,6.63-3.48.97-4.18.74-4.25-2.74C.02,48.66-.02,43.33.01,38.01c.02-3.4.61-3.71,3.91-2.82,6.85,1.85,13.68,3.77,20.59,5.37,3.5.81,7.15,1.01,10.74,1.44.4.05.84-.21,1.27-.32-.22-.4-.35-.93-.69-1.16-4.35-3.02-8.6-6.23-13.15-8.93-4.55-2.7-9.39-4.92-14.12-7.31-3.41-1.72-3.56-2.47-.87-5.17,3.66-3.67,7.29-7.38,11-11,2.71-2.65,3.61-2.47,5.23.94,4.27,8.99,9.64,17.27,15.75,25.09.3.38.57.8.93,1.11.42.36.93.63,1.4.93.12-.55.42-1.13.33-1.64-1-5.46-1.84-10.97-3.18-16.35-1.22-4.9-2.99-9.67-4.54-14.49-.89-2.76-.37-3.61,2.46-3.65,2.89-.05,5.79-.01,8.69-.01V.02Z\"><\/path><\/svg>\t\t\t<\/span>\n\t\t\t\t\t\t\t\t\t<span class=\"elementor-button-text\">Rental application<\/span>\n\t\t\t\t\t<\/span>\n\t\t\t\t\t<\/a>\n\t\t\t\t<\/div>\n\t\t\t\t\t\t\t\t<\/div>\n\t\t\t\t<\/div>\n\t\t\t\t<\/div>\n\t\t<div class=\"elementor-element elementor-element-ae3ddfa e-con-full e-flex e-con e-child\" data-id=\"ae3ddfa\" data-element_type=\"container\" data-e-type=\"container\" data-settings=\"{&quot;background_background&quot;:&quot;slideshow&quot;,&quot;background_slideshow_gallery&quot;:[{&quot;id&quot;:875,&quot;url&quot;:&quot;https:\\\/\\\/studiosness.com\\\/wp-content\\\/uploads\\\/2024\\\/11\\\/pexels-pixabay-164829.jpg&quot;},{&quot;id&quot;:876,&quot;url&quot;:&quot;https:\\\/\\\/studiosness.com\\\/wp-content\\\/uploads\\\/2024\\\/11\\\/pexels-everson-mayer-478307-1481309.jpg&quot;}],&quot;background_slideshow_ken_burns&quot;:&quot;yes&quot;,&quot;background_slideshow_loop&quot;:&quot;yes&quot;,&quot;background_slideshow_slide_duration&quot;:5000,&quot;background_slideshow_slide_transition&quot;:&quot;fade&quot;,&quot;background_slideshow_transition_duration&quot;:500,&quot;background_slideshow_ken_burns_zoom_direction&quot;:&quot;in&quot;}\">\n\t\t\t\t<div class=\"elementor-element elementor-element-29af82a elementor-widget elementor-widget-spacer\" data-id=\"29af82a\" data-element_type=\"widget\" data-e-type=\"widget\" data-widget_type=\"spacer.default\">\n\t\t\t\t<div class=\"elementor-widget-container\">\n\t\t\t\t\t\t\t<div class=\"elementor-spacer\">\n\t\t\t<div class=\"elementor-spacer-inner\"><\/div>\n\t\t<\/div>\n\t\t\t\t\t\t<\/div>\n\t\t\t\t<\/div>\n\t\t\t\t<\/div>\n\t\t\t\t<\/div>\n\t\t\t\t\t<\/div>\n\t\t<\/div>\n\t\t\t\t\t\t<\/div>\n\t\t\t\t<\/div>\n\t\t\t\t\t<\/div>\n\t\t\t\t<\/div>\n\t\t<div class=\"elementor-element elementor-element-b23a0c1 e-flex e-con-boxed e-con e-parent\" data-id=\"b23a0c1\" data-element_type=\"container\" data-e-type=\"container\">\n\t\t\t\t\t<div class=\"e-con-inner\">\n\t\t\t\t\t<\/div>\n\t\t\t\t<\/div>\n\t\t\t\t<\/div>","protected":false},"excerpt":{"rendered":"<p>Location son et lumi\u00e8re Location de Mat\u00e9riel Son et Lumi\u00e8re pour tous vos \u00e9v\u00e9nements Chez Studios Ness, on sait qu\u2019aucun \u00e9v\u00e9nement ne ressemble \u00e0 un autre. Chacun m\u00e9rite sa propre ambiance, ses propres \u00e9motions. C\u2019est pourquoi on propose un service de location de mat\u00e9riel son et lumi\u00e8re taill\u00e9 sur mesure pour vous, que ce soit [&hellip;]<\/p>","protected":false},"author":2,"featured_media":0,"parent":0,"menu_order":0,"comment_status":"closed","ping_status":"closed","template":"","meta":{"_acf_changed":false,"footnotes":""},"class_list":["post-820","page","type-page","status-publish","hentry"],"acf":[],"_links":{"self":[{"href":"https:\/\/studiosness.com\/en\/wp-json\/wp\/v2\/pages\/820","targetHints":{"allow":["GET"]}}],"collection":[{"href":"https:\/\/studiosness.com\/en\/wp-json\/wp\/v2\/pages"}],"about":[{"href":"https:\/\/studiosness.com\/en\/wp-json\/wp\/v2\/types\/page"}],"author":[{"embeddable":true,"href":"https:\/\/studiosness.com\/en\/wp-json\/wp\/v2\/users\/2"}],"replies":[{"embeddable":true,"href":"https:\/\/studiosness.com\/en\/wp-json\/wp\/v2\/comments?post=820"}],"version-history":[{"count":40,"href":"https:\/\/studiosness.com\/en\/wp-json\/wp\/v2\/pages\/820\/revisions"}],"predecessor-version":[{"id":1974,"href":"https:\/\/studiosness.com\/en\/wp-json\/wp\/v2\/pages\/820\/revisions\/1974"}],"wp:attachment":[{"href":"https:\/\/studiosness.com\/en\/wp-json\/wp\/v2\/media?parent=820"}],"curies":[{"name":"wp","href":"https:\/\/api.w.org\/{rel}","templated":true}]}}